{"id":708,"date":"2024-02-21T09:57:58","date_gmt":"2024-02-21T08:57:58","guid":{"rendered":"https:\/\/www.palazzodonnaelisabetta.com\/activites-et-visites\/"},"modified":"2024-03-26T20:36:23","modified_gmt":"2024-03-26T19:36:23","slug":"activites-et-visites","status":"publish","type":"page","link":"https:\/\/www.palazzodonnaelisabetta.com\/fr\/activites-et-visites\/","title":{"rendered":"Activit\u00e9s et visites"},"content":{"rendered":"\n<div class=\"wp-block-group alignfull is-layout-flow wp-block-group-is-layout-flow\">\n<div style=\"height:100vh;width:100%\" class=\"superblockslider alignfull\" data-transition-duration=\".6s\" data-animation=\"cubic-bezier(0.46, 0.03, 0.52, 0.96)\" data-transition-effect=\"fade\" data-slide-navigation=\"none\" data-hover-pause=\"false\"><div class=\"superblockslider__window\"><div class=\"superblockslider__track\">\n<div class=\"wp-block-superblockslider-slide superblockslider__slide superblockslider__slide--active is-vertical-bottom\" data-slide-index=\"0\" style=\"transition-duration:.6s;transition-timing-function:cubic-bezier(0.46, 0.03, 0.52, 0.96)\"><div class=\"superblockslider__slide__bg\"><img fetchpriority=\"high\" decoding=\"async\" class=\"image--xl visible--xl visible--sm visible--md visible--lg\" src=\"https:\/\/www.palazzodonnaelisabetta.com\/wp-content\/uploads\/2024\/02\/1184_donnaelisabetta_panoramica-manduria002.jpeg\" width=\"1280\" height=\"800\" title=\"1184_donnaelisabetta_panoramica-manduria002\" alt=\"\" loading=\"eager\" srcset=\"https:\/\/www.palazzodonnaelisabetta.com\/wp-content\/uploads\/2024\/02\/1184_donnaelisabetta_panoramica-manduria002-150x150.jpeg 150w,https:\/\/www.palazzodonnaelisabetta.com\/wp-content\/uploads\/2024\/02\/1184_donnaelisabetta_panoramica-manduria002-300x188.jpeg 300w,https:\/\/www.palazzodonnaelisabetta.com\/wp-content\/uploads\/2024\/02\/1184_donnaelisabetta_panoramica-manduria002-1024x640.jpeg 1024w,https:\/\/www.palazzodonnaelisabetta.com\/wp-content\/uploads\/2024\/02\/1184_donnaelisabetta_panoramica-manduria002.jpeg 1280w,\" sizes=\"(max-width: 1280px) 100vw, 1280px\" style=\"object-fit:cover;object-position:50% 50%\"\/><\/div><div class=\"superblockslider__slide__overlay\" style=\"background-color:#000000;opacity:0.3\"><\/div><div class=\"superblockslider__slide_inner\"><div class=\"inner-blocks\">\n<div class=\"wp-block-columns is-layout-flex wp-container-core-columns-is-layout-28f84493 wp-block-columns-is-layout-flex\">\n<div class=\"wp-block-column is-layout-flow wp-block-column-is-layout-flow\">\n<div class=\"wp-block-group is-vertical is-layout-flex wp-container-core-group-is-layout-fe9cc265 wp-block-group-is-layout-flex\" style=\"line-height:1\">\n<h2 class=\"wp-block-heading has-base-2-color has-text-color has-link-color wp-elements-ac3827463556a7287b458952ae5063d9\" style=\"margin-bottom:0px\">Activit\u00e9s et visites<\/h2>\n\n\n\n<p class=\"has-base-2-color has-text-color has-link-color wp-elements-4456cedd51194dac1d61c0752806652b\">VACANCES EN ITALIE DU SUD EN BORD DE MER<\/p>\n<\/div>\n<\/div>\n\n\n\n<div class=\"wp-block-column is-layout-flow wp-block-column-is-layout-flow\"><\/div>\n<\/div>\n<\/div><\/div><\/div>\n\n\n\n<div class=\"wp-block-superblockslider-slide superblockslider__slide is-vertical-bottom\" data-slide-index=\"1\" style=\"transition-duration:.6s;transition-timing-function:cubic-bezier(0.46, 0.03, 0.52, 0.96)\"><div class=\"superblockslider__slide__bg\"><img decoding=\"async\" class=\"image--xl visible--xl visible--sm visible--md visible--lg\" src=\"https:\/\/www.palazzodonnaelisabetta.com\/wp-content\/uploads\/2024\/02\/1131_giardino-matrimonio-salento-palazzo-donna-elisabetta-jp.jpeg\" width=\"1920\" height=\"1080\" title=\"1131_giardino-matrimonio-salento-palazzo-donna-elisabetta-jp\" alt=\"\" loading=\"eager\" srcset=\"https:\/\/www.palazzodonnaelisabetta.com\/wp-content\/uploads\/2024\/02\/1131_giardino-matrimonio-salento-palazzo-donna-elisabetta-jp-150x150.jpeg 150w,https:\/\/www.palazzodonnaelisabetta.com\/wp-content\/uploads\/2024\/02\/1131_giardino-matrimonio-salento-palazzo-donna-elisabetta-jp-300x169.jpeg 300w,https:\/\/www.palazzodonnaelisabetta.com\/wp-content\/uploads\/2024\/02\/1131_giardino-matrimonio-salento-palazzo-donna-elisabetta-jp-1024x576.jpeg 1024w,https:\/\/www.palazzodonnaelisabetta.com\/wp-content\/uploads\/2024\/02\/1131_giardino-matrimonio-salento-palazzo-donna-elisabetta-jp.jpeg 1920w,\" sizes=\"(max-width: 1920px) 100vw, 1920px\" style=\"object-fit:cover;object-position:50% 50%\"\/><\/div><div class=\"superblockslider__slide__overlay\" style=\"background-color:#000000;opacity:0.3\"><\/div><div class=\"superblockslider__slide_inner\"><div class=\"inner-blocks\">\n<div class=\"wp-block-columns is-layout-flex wp-container-core-columns-is-layout-28f84493 wp-block-columns-is-layout-flex\">\n<div class=\"wp-block-column is-layout-flow wp-block-column-is-layout-flow\">\n<div class=\"wp-block-group is-vertical is-layout-flex wp-container-core-group-is-layout-fe9cc265 wp-block-group-is-layout-flex\" style=\"line-height:1\">\n<h2 class=\"wp-block-heading has-base-2-color has-text-color has-link-color wp-elements-ac3827463556a7287b458952ae5063d9\" style=\"margin-bottom:0px\">Activit\u00e9s et visites<\/h2>\n\n\n\n<p class=\"has-base-2-color has-text-color has-link-color wp-elements-4456cedd51194dac1d61c0752806652b\">VACANCES EN ITALIE DU SUD EN BORD DE MER<\/p>\n<\/div>\n<\/div>\n\n\n\n<div class=\"wp-block-column is-layout-flow wp-block-column-is-layout-flow\"><\/div>\n<\/div>\n<\/div><\/div><\/div>\n<\/div><\/div><div class=\"superblockslider__controls superblockslider__navigation\"><button class=\"superblockslider__button__navigation superblockslider__button__previous\" aria-label=\"Previous slide\"><span class=\"superblockslider__button__previous--icon\"><svg width=\"85\" height=\"85\" xmlns=\"http:\/\/www.w3.org\/2000\/svg\" viewBox=\"0 0 85 85\" role=\"img\" aria-hidden=\"true\" focusable=\"false\"><path d=\"M58.3,21.7l-5-4.2l-22.5,25l22.5,25l5-4.2L39.2,42.5L58.3,21.7z\" style=\"fill:#ffffff\"><\/path><\/svg><\/span><\/button><button class=\"superblockslider__button__navigation superblockslider__button__next\" aria-label=\"Next slide\"><span class=\"superblockslider__button__next--icon\"><svg width=\"85\" height=\"85\" xmlns=\"http:\/\/www.w3.org\/2000\/svg\" viewBox=\"0 0 85 85\" role=\"img\" aria-hidden=\"true\" focusable=\"false\"><path d=\"M31.7,17.5l-5,4.2l19.2,20.8L26.7,63.3l5,4.2l22.5-25L31.7,17.5z\" style=\"fill:#ffffff\"><\/path><\/svg><\/span><\/button><\/div><\/div>\n\n<\/div>\n\n\n\n<div class=\"wp-block-group alignfull has-global-padding is-layout-constrained wp-container-core-group-is-layout-f611be13 wp-block-group-is-layout-constrained\" style=\"padding-top:var(--wp--preset--spacing--50);padding-right:var(--wp--preset--spacing--50);padding-bottom:var(--wp--preset--spacing--50);padding-left:var(--wp--preset--spacing--50)\">\n<div class=\"wp-block-group has-global-padding is-layout-constrained wp-container-core-group-is-layout-e555385e wp-block-group-is-layout-constrained\">\n<h1 class=\"wp-block-heading has-text-align-center\" data-aos=\"fade\">Activit\u00e9s \u00e0 l&rsquo;h\u00f4tel<\/h1>\n\n\n\n<div style=\"height:1.25rem\" aria-hidden=\"true\" class=\"wp-block-spacer\"><\/div>\n\n\n\n<p class=\"has-text-align-center\" data-aos=\"fade\">Pendant votre s\u00e9jour au Palazzo Donna Elisabetta, vous pouvez choisir parmi une large s\u00e9lection d&rsquo;activit\u00e9s. Des cours de yoga, massages, shatsu, concerts, cours de peinture et de sculpture , une grande vari\u00e9t\u00e9 de divertissements pour enrichir votre esprit pendant que vous \u00eates \u00e0 Manduria:\r\nNous vous prions de nous contacter bien \u00e0 l&rsquo;avance, nous nous ferions un plaisir de redre votre s\u00e9jour ag\u00e9able<\/p>\n\n\n\n<div style=\"height:1.25rem\" aria-hidden=\"true\" class=\"wp-block-spacer\"><\/div>\n\n\n\n<div class=\"wp-block-buttons is-content-justification-center is-layout-flex wp-container-core-buttons-is-layout-a89b3969 wp-block-buttons-is-layout-flex\" data-aos=\"fade-up\">\n<div class=\"wp-block-button\" data-aos=\"fade\"><a class=\"wp-block-button__link wp-element-button\" href=\"https:\/\/www.palazzodonnaelisabetta.com\/fr\/contact-et-acces\/\">CONTACTEZ-NOUS<\/a><\/div>\n<\/div>\n<\/div>\n<\/div>\n\n\n\n<div class=\"wp-block-group alignfull is-layout-flow wp-block-group-is-layout-flow\" style=\"padding-top:var(--wp--preset--spacing--50);padding-right:0;padding-bottom:var(--wp--preset--spacing--50);padding-left:0\">\n<div class=\"wp-block-group offerta-singola is-content-justification-space-between is-nowrap is-layout-flex wp-container-core-group-is-layout-d34f170e wp-block-group-is-layout-flex\" style=\"padding-right:0px;padding-left:0px\">\n<div class=\"wp-block-group box-left has-base-background-color has-background is-vertical is-layout-flex wp-container-core-group-is-layout-9ae95b83 wp-block-group-is-layout-flex\" style=\"padding-top:var(--wp--preset--spacing--50);padding-right:var(--wp--preset--spacing--50);padding-bottom:var(--wp--preset--spacing--50);padding-left:var(--wp--preset--spacing--50)\" data-aos=\"fade-up\">\n<h2 class=\"wp-block-heading\" data-aos=\"fade\">LES TROIS PROVINCES<\/h2>\n\n\n\n<p data-aos=\"fade\">Manduria est une fresque faite de nuances color\u00e9es et de d\u00e9tails pr\u00e9cieux. Gr\u00e2ce \u00e0 sa position strat\u00e9gique au c\u0153ur des trois provinces du Salento, c&rsquo;est l&rsquo;un des meilleurs choix pour parcourir les Pouilles et d\u00e9couvrir ses tr\u00e9sors. Une terre pleine d&rsquo;art et de nature sauvage o\u00f9 la vie est aussi tendre et d\u00e9licate que le vent du printemps et les plaisirs aussi doux que notre meilleur nectar, le vin local, \u00e0 d\u00e9guster dans les nombreuses caves \u00e0 vin autour et au Mus\u00e9e du Primitivo.<\/p>\n<\/div>\n\n\n\n<div class=\"wp-block-cover is-light image-right\" style=\"min-height:70vh;aspect-ratio:unset;\" data-aos=\"fade-left\"><span aria-hidden=\"true\" class=\"wp-block-cover__background has-background-dim-0 has-background-dim\" style=\"background-color:#c4a78f\"><\/span><img loading=\"lazy\" decoding=\"async\" width=\"1920\" height=\"1080\" class=\"wp-block-cover__image-background wp-image-211\" alt=\"\" src=\"https:\/\/www.palazzodonnaelisabetta.com\/wp-content\/uploads\/2024\/02\/1014_manduriar-1.jpeg\" data-object-fit=\"cover\" srcset=\"https:\/\/www.palazzodonnaelisabetta.com\/wp-content\/uploads\/2024\/02\/1014_manduriar-1.jpeg 1920w, https:\/\/www.palazzodonnaelisabetta.com\/wp-content\/uploads\/2024\/02\/1014_manduriar-1-300x169.jpeg 300w, https:\/\/www.palazzodonnaelisabetta.com\/wp-content\/uploads\/2024\/02\/1014_manduriar-1-1024x576.jpeg 1024w, https:\/\/www.palazzodonnaelisabetta.com\/wp-content\/uploads\/2024\/02\/1014_manduriar-1-768x432.jpeg 768w, https:\/\/www.palazzodonnaelisabetta.com\/wp-content\/uploads\/2024\/02\/1014_manduriar-1-1536x864.jpeg 1536w\" sizes=\"auto, (max-width: 1920px) 100vw, 1920px\" \/><div class=\"wp-block-cover__inner-container has-global-padding is-layout-constrained wp-block-cover-is-layout-constrained\">\n<p class=\"has-text-align-center has-large-font-size\"><\/p>\n<\/div><\/div>\n<\/div>\n<\/div>\n\n\n\n<div class=\"wp-block-group alignfull is-layout-flow wp-block-group-is-layout-flow\" style=\"padding-top:var(--wp--preset--spacing--50);padding-right:0;padding-bottom:var(--wp--preset--spacing--50);padding-left:0\">\n<div class=\"wp-block-cover has-custom-content-position is-position-center-right\" style=\"min-height:70vh;aspect-ratio:unset;\" data-aos=\"fade\"><span aria-hidden=\"true\" class=\"wp-block-cover__background has-black-background-color has-background-dim-30 has-background-dim\"><\/span><img loading=\"lazy\" decoding=\"async\" width=\"1920\" height=\"1080\" class=\"wp-block-cover__image-background wp-image-213\" alt=\"\" src=\"https:\/\/www.palazzodonnaelisabetta.com\/wp-content\/uploads\/2024\/02\/1334_img-0575.jpeg\" data-object-fit=\"cover\" srcset=\"https:\/\/www.palazzodonnaelisabetta.com\/wp-content\/uploads\/2024\/02\/1334_img-0575.jpeg 1920w, https:\/\/www.palazzodonnaelisabetta.com\/wp-content\/uploads\/2024\/02\/1334_img-0575-300x169.jpeg 300w, https:\/\/www.palazzodonnaelisabetta.com\/wp-content\/uploads\/2024\/02\/1334_img-0575-1024x576.jpeg 1024w, https:\/\/www.palazzodonnaelisabetta.com\/wp-content\/uploads\/2024\/02\/1334_img-0575-768x432.jpeg 768w, https:\/\/www.palazzodonnaelisabetta.com\/wp-content\/uploads\/2024\/02\/1334_img-0575-1536x864.jpeg 1536w\" sizes=\"auto, (max-width: 1920px) 100vw, 1920px\" \/><div class=\"wp-block-cover__inner-container has-global-padding is-layout-constrained wp-block-cover-is-layout-constrained\">\n<h2 class=\"wp-block-heading has-text-align-left has-base-2-color has-text-color has-link-color has-xx-large-font-size wp-elements-17dcabd1b20200e93c785e44bb2818e3\" data-aos=\"fade\">NOTRE H\u00c9RITAGE<\/h2>\n\n\n\n<p class=\"has-base-2-color has-text-color has-link-color wp-elements-e7e3458bf93e45053abe62a76baf8eb4\" data-aos=\"fade\">Parmi les beaut\u00e9s de la ville, vous ne pouvez pas manquer le Palazzo Imperiali et le Convento di Sant&rsquo;Antonio. Ensuite, marchez un peu plus loin vers les ruines mill\u00e9naires de Messapie \u00e0 voir au parc arch\u00e9ologique &#8211; l&rsquo;un des plus grands d&rsquo;Europe -, \u00e0 Fonte Pliniano et \u00e0 la petite \u00e9glise de San Pietro Mandurino. Une fois hors de la ville, votre palette sera sign\u00e9 \u00a0\u00bb Mediterraneo \u00ab\u00a0, avec le rouge fonc\u00e9 du sol et le vert des oliviers centenaires et avec les couleurs des vignes, avec le bleu de la mer jusque loin dans l&rsquo;horizon.<\/p>\n<\/div><\/div>\n<\/div>\n\n\n\n<div class=\"wp-block-group alignfull is-layout-flow wp-block-group-is-layout-flow\" style=\"padding-top:var(--wp--preset--spacing--50);padding-right:0;padding-bottom:var(--wp--preset--spacing--50);padding-left:0\">\n<div class=\"wp-block-group offerta-singola is-content-justification-space-between is-nowrap is-layout-flex wp-container-core-group-is-layout-d34f170e wp-block-group-is-layout-flex\" style=\"padding-right:0px;padding-left:0px\">\n<div class=\"wp-block-group box-left has-base-background-color has-background is-vertical is-layout-flex wp-container-core-group-is-layout-9ae95b83 wp-block-group-is-layout-flex\" style=\"padding-top:var(--wp--preset--spacing--50);padding-right:var(--wp--preset--spacing--50);padding-bottom:var(--wp--preset--spacing--50);padding-left:var(--wp--preset--spacing--50)\" data-aos=\"fade-up\">\n<h2 class=\"wp-block-heading\" data-aos=\"fade\">La nature<\/h2>\n\n\n\n<p data-aos=\"fade\">La mer est \u00e0 tr\u00e8s courte distance de route, vous trouverez quelques-uns des meilleurs endroits sur la c\u00f4te ionienne: Ayala, Borraco, Monaco Mirante. Un paradis sauvage o\u00f9 la nature dessine les meilleurs tableaux. Ne manquez pas non plus le baroque \u00e0 Lecce, Tarente et le patrimoine historique de la Magna Graecia, Brindisi &#8211; porte \u00e0 l&rsquo;Est &#8211; et Matera, vibrante de culture et c\u00e9l\u00e8bre pour ses pierres.\r\nPour ceux qui aiment le plus la nature, Murge dans la r\u00e9gion de Tarente et la r\u00e9serve naturelle r\u00e9gionale du c\u00f4t\u00e9 est de la c\u00f4te de Tarente sont fortement recommand\u00e9es.<\/p>\n\n\n\n<p><a href=\"https:\/\/www.palazzodonnaelisabetta.com\/it\/attivita-e-visite-cosa-fare-salento#\"><\/a><a href=\"https:\/\/www.palazzodonnaelisabetta.com\/it\/attivita-e-visite-cosa-fare-salento#\"><\/a><\/p>\n<\/div>\n\n\n\n<div class=\"wp-block-cover image-right\" style=\"min-height:70vh;aspect-ratio:unset;\" data-aos=\"fade-left\"><span aria-hidden=\"true\" class=\"wp-block-cover__background has-background-dim-0 has-background-dim\" style=\"background-color:#c4a78f\"><\/span><img loading=\"lazy\" decoding=\"async\" width=\"1280\" height=\"800\" class=\"wp-block-cover__image-background wp-image-173\" alt=\"\" src=\"https:\/\/www.palazzodonnaelisabetta.com\/wp-content\/uploads\/2024\/02\/1323_giardino-1.jpeg\" data-object-fit=\"cover\" srcset=\"https:\/\/www.palazzodonnaelisabetta.com\/wp-content\/uploads\/2024\/02\/1323_giardino-1.jpeg 1280w, https:\/\/www.palazzodonnaelisabetta.com\/wp-content\/uploads\/2024\/02\/1323_giardino-1-300x188.jpeg 300w, https:\/\/www.palazzodonnaelisabetta.com\/wp-content\/uploads\/2024\/02\/1323_giardino-1-1024x640.jpeg 1024w, https:\/\/www.palazzodonnaelisabetta.com\/wp-content\/uploads\/2024\/02\/1323_giardino-1-768x480.jpeg 768w\" sizes=\"auto, (max-width: 1280px) 100vw, 1280px\" \/><div class=\"wp-block-cover__inner-container has-global-padding is-layout-constrained wp-block-cover-is-layout-constrained\">\n<p class=\"has-text-align-center has-large-font-size\"><\/p>\n<\/div><\/div>\n<\/div>\n<\/div>\n","protected":false},"excerpt":{"rendered":"<p>Activit\u00e9s \u00e0 l&rsquo;h\u00f4tel Pendant votre s\u00e9jour au Palazzo Donna Elisabetta, vous pouvez choisir parmi une large s\u00e9lection d&rsquo;activit\u00e9s. Des cours de yoga, massages, shatsu, concerts, cours de peinture et de sculpture , une grande vari\u00e9t\u00e9 de divertissements pour enrichir votre esprit pendant que vous \u00eates \u00e0 Manduria: Nous vous prions de nous contacter bien \u00e0 [&hellip;]<\/p>\n","protected":false},"author":1,"featured_media":0,"parent":0,"menu_order":0,"comment_status":"closed","ping_status":"closed","template":"page-no-title","meta":{"_acf_changed":false,"_seopress_robots_primary_cat":"","_seopress_titles_title":"","_seopress_titles_desc":"","_seopress_robots_index":"","inline_featured_image":false,"footnotes":""},"class_list":["post-708","page","type-page","status-publish","hentry"],"acf":[],"mb":[],"mfb_rest_fields":["title"],"_links":{"self":[{"href":"https:\/\/www.palazzodonnaelisabetta.com\/fr\/wp-json\/wp\/v2\/pages\/708","targetHints":{"allow":["GET"]}}],"collection":[{"href":"https:\/\/www.palazzodonnaelisabetta.com\/fr\/wp-json\/wp\/v2\/pages"}],"about":[{"href":"https:\/\/www.palazzodonnaelisabetta.com\/fr\/wp-json\/wp\/v2\/types\/page"}],"author":[{"embeddable":true,"href":"https:\/\/www.palazzodonnaelisabetta.com\/fr\/wp-json\/wp\/v2\/users\/1"}],"replies":[{"embeddable":true,"href":"https:\/\/www.palazzodonnaelisabetta.com\/fr\/wp-json\/wp\/v2\/comments?post=708"}],"version-history":[{"count":1,"href":"https:\/\/www.palazzodonnaelisabetta.com\/fr\/wp-json\/wp\/v2\/pages\/708\/revisions"}],"predecessor-version":[{"id":987,"href":"https:\/\/www.palazzodonnaelisabetta.com\/fr\/wp-json\/wp\/v2\/pages\/708\/revisions\/987"}],"wp:attachment":[{"href":"https:\/\/www.palazzodonnaelisabetta.com\/fr\/wp-json\/wp\/v2\/media?parent=708"}],"curies":[{"name":"wp","href":"https:\/\/api.w.org\/{rel}","templated":true}]}}