{"id":736,"date":"2024-02-26T15:38:54","date_gmt":"2024-02-26T14:38:54","guid":{"rendered":"https:\/\/www.palazzodonnaelisabetta.com\/formulaire-gdpr\/"},"modified":"2024-03-28T14:29:41","modified_gmt":"2024-03-28T13:29:41","slug":"formulaire-gdpr","status":"publish","type":"page","link":"https:\/\/www.palazzodonnaelisabetta.com\/fr\/formulaire-gdpr\/","title":{"rendered":"Formulaire GDPR"},"content":{"rendered":"\n<div class=\"wp-block-group alignfull is-layout-flow wp-block-group-is-layout-flow\">\n<div style=\"height:100vh;width:100%\" class=\"superblockslider alignfull\" data-transition-duration=\".6s\" data-animation=\"cubic-bezier(0.46, 0.03, 0.52, 0.96)\" data-transition-effect=\"fade\" data-slide-navigation=\"none\" data-hover-pause=\"false\"><div class=\"superblockslider__window\"><div class=\"superblockslider__track\">\n<div class=\"wp-block-superblockslider-slide superblockslider__slide superblockslider__slide--active is-vertical-bottom\" data-slide-index=\"0\" style=\"transition-duration:.6s;transition-timing-function:cubic-bezier(0.46, 0.03, 0.52, 0.96)\"><div class=\"superblockslider__slide__bg\"><img fetchpriority=\"high\" decoding=\"async\" class=\"image--xl visible--xl visible--sm visible--md visible--lg\" src=\"https:\/\/www.palazzodonnaelisabetta.com\/wp-content\/uploads\/2024\/02\/1307_entrata.jpeg\" width=\"1280\" height=\"800\" title=\"1307_entrata\" alt=\"\" loading=\"eager\" srcset=\"https:\/\/www.palazzodonnaelisabetta.com\/wp-content\/uploads\/2024\/02\/1307_entrata-150x150.jpeg 150w,https:\/\/www.palazzodonnaelisabetta.com\/wp-content\/uploads\/2024\/02\/1307_entrata-300x188.jpeg 300w,https:\/\/www.palazzodonnaelisabetta.com\/wp-content\/uploads\/2024\/02\/1307_entrata-1024x640.jpeg 1024w,https:\/\/www.palazzodonnaelisabetta.com\/wp-content\/uploads\/2024\/02\/1307_entrata.jpeg 1280w,\" sizes=\"(max-width: 1280px) 100vw, 1280px\" style=\"object-fit:cover;object-position:50% 50%\"\/><\/div><div class=\"superblockslider__slide__overlay\" style=\"background-color:#000000;opacity:0.3\"><\/div><div class=\"superblockslider__slide_inner\"><div class=\"inner-blocks\">\n<div class=\"wp-block-columns is-layout-flex wp-container-core-columns-is-layout-28f84493 wp-block-columns-is-layout-flex\">\n<div class=\"wp-block-column is-layout-flow wp-block-column-is-layout-flow\">\n<div class=\"wp-block-group is-vertical is-layout-flex wp-container-core-group-is-layout-fe9cc265 wp-block-group-is-layout-flex\" style=\"line-height:1\">\n<h2 class=\"wp-block-heading has-base-2-color has-text-color has-link-color wp-elements-da22a582401d0d0565ae856bb06ad6b2\" style=\"margin-bottom:0px\">GDPR Form<\/h2>\n<\/div>\n<\/div>\n\n\n\n<div class=\"wp-block-column is-layout-flow wp-block-column-is-layout-flow\"><\/div>\n<\/div>\n<\/div><\/div><\/div>\n\n\n\n<div class=\"wp-block-superblockslider-slide superblockslider__slide is-vertical-bottom\" data-slide-index=\"1\" style=\"transition-duration:.6s;transition-timing-function:cubic-bezier(0.46, 0.03, 0.52, 0.96)\"><div class=\"superblockslider__slide__bg\"><img decoding=\"async\" class=\"image--xl visible--xl visible--sm visible--md visible--lg\" src=\"https:\/\/www.palazzodonnaelisabetta.com\/wp-content\/uploads\/2024\/02\/1332_img_0474.jpeg\" width=\"1280\" height=\"800\" title=\"1332_img_0474\" alt=\"\" loading=\"eager\" srcset=\"https:\/\/www.palazzodonnaelisabetta.com\/wp-content\/uploads\/2024\/02\/1332_img_0474-150x150.jpeg 150w,https:\/\/www.palazzodonnaelisabetta.com\/wp-content\/uploads\/2024\/02\/1332_img_0474-300x188.jpeg 300w,https:\/\/www.palazzodonnaelisabetta.com\/wp-content\/uploads\/2024\/02\/1332_img_0474-1024x640.jpeg 1024w,https:\/\/www.palazzodonnaelisabetta.com\/wp-content\/uploads\/2024\/02\/1332_img_0474.jpeg 1280w,\" sizes=\"(max-width: 1280px) 100vw, 1280px\" style=\"object-fit:cover;object-position:50% 50%\"\/><\/div><div class=\"superblockslider__slide__overlay\" style=\"background-color:#000000;opacity:0.3\"><\/div><div class=\"superblockslider__slide_inner\"><div class=\"inner-blocks\">\n<div class=\"wp-block-columns is-layout-flex wp-container-core-columns-is-layout-28f84493 wp-block-columns-is-layout-flex\">\n<div class=\"wp-block-column is-layout-flow wp-block-column-is-layout-flow\">\n<div class=\"wp-block-group is-vertical is-layout-flex wp-container-core-group-is-layout-fe9cc265 wp-block-group-is-layout-flex\" style=\"line-height:1\">\n<h2 class=\"wp-block-heading has-base-2-color has-text-color has-link-color wp-elements-da22a582401d0d0565ae856bb06ad6b2\" style=\"margin-bottom:0px\">GDPR Form<\/h2>\n<\/div>\n<\/div>\n\n\n\n<div class=\"wp-block-column is-layout-flow wp-block-column-is-layout-flow\"><\/div>\n<\/div>\n<\/div><\/div><\/div>\n<\/div><\/div><div class=\"superblockslider__controls superblockslider__navigation\"><button class=\"superblockslider__button__navigation superblockslider__button__previous\" aria-label=\"Previous slide\"><span class=\"superblockslider__button__previous--icon\"><svg width=\"85\" height=\"85\" xmlns=\"http:\/\/www.w3.org\/2000\/svg\" viewBox=\"0 0 85 85\" role=\"img\" aria-hidden=\"true\" focusable=\"false\"><path d=\"M58.3,21.7l-5-4.2l-22.5,25l22.5,25l5-4.2L39.2,42.5L58.3,21.7z\" style=\"fill:#ffffff\"><\/path><\/svg><\/span><\/button><button class=\"superblockslider__button__navigation superblockslider__button__next\" aria-label=\"Next slide\"><span class=\"superblockslider__button__next--icon\"><svg width=\"85\" height=\"85\" xmlns=\"http:\/\/www.w3.org\/2000\/svg\" viewBox=\"0 0 85 85\" role=\"img\" aria-hidden=\"true\" focusable=\"false\"><path d=\"M31.7,17.5l-5,4.2l19.2,20.8L26.7,63.3l5,4.2l22.5-25L31.7,17.5z\" style=\"fill:#ffffff\"><\/path><\/svg><\/span><\/button><\/div><\/div>\n\n<\/div>\n\n\n\n<div class=\"wp-block-group alignfull is-layout-flow wp-block-group-is-layout-flow\" style=\"padding-top:var(--wp--preset--spacing--50);padding-right:var(--wp--preset--spacing--50);padding-bottom:var(--wp--preset--spacing--50);padding-left:var(--wp--preset--spacing--50)\">\n<div class=\"wp-block-group is-layout-flow wp-container-core-group-is-layout-d6743c7d wp-block-group-is-layout-flow\">\n<h1 class=\"wp-block-heading has-text-align-center\" data-aos=\"fade\">DROITS RELATIFS \u00c0 LA PROTECTION DE VOTRE VIE PRIV\u00c9E.<\/h1>\n\n\n\n<div style=\"height:1.25rem\" aria-hidden=\"true\" class=\"wp-block-spacer\"><\/div>\n\n\n\n<p class=\"has-text-align-center\">Selon le <a href=\"https:\/\/www.cnil.fr\/fr\/reglement-europeen-protection-donnees\" target=\"_blank\" rel=\"noreferrer noopener\">R\u00e8glement g\u00e9n\u00e9ral sur la protection des donn\u00e9es (RGPD)<\/a>, je demande par le biais de ce formulaire d&rsquo;exercer mes droits relatifs \u00e0 la protection de la vie priv\u00e9e.\r\n<\/p>\n\n\n\n<p><\/p>\n\n\n\n<p class=\"has-text-align-center\">Les informations demand\u00e9es, ci-dessous, nous permettront de retrouver ces donn\u00e9es afin de faire exercer le droit souhait\u00e9.<\/p>\n\n\n\n<p class=\"has-text-align-center\">Les informations demand\u00e9es, ci-dessous, nous permettront de retrouver ces donn\u00e9es afin de faire exercer le droit souhait\u00e9.<\/p>\n<\/div>\n<\/div>\n\n\n\n<div class=\"wp-block-group has-global-padding is-layout-constrained wp-block-group-is-layout-constrained\" style=\"padding-top:var(--wp--preset--spacing--40);padding-bottom:var(--wp--preset--spacing--40)\"><p class=\"wpcf7-contact-form-not-found\"><strong>Erreur\u00a0:<\/strong> Formulaire de contact non trouv\u00e9\u00a0!<\/p>\n<\/div>\n","protected":false},"excerpt":{"rendered":"<p>DROITS RELATIFS \u00c0 LA PROTECTION DE VOTRE VIE PRIV\u00c9E. Selon le R\u00e8glement g\u00e9n\u00e9ral sur la protection des donn\u00e9es (RGPD), je demande par le biais de ce formulaire d&rsquo;exercer mes droits relatifs \u00e0 la protection de la vie priv\u00e9e. Les informations demand\u00e9es, ci-dessous, nous permettront de retrouver ces donn\u00e9es afin de faire exercer le droit souhait\u00e9. [&hellip;]<\/p>\n","protected":false},"author":1,"featured_media":0,"parent":0,"menu_order":0,"comment_status":"closed","ping_status":"closed","template":"page-no-title","meta":{"_acf_changed":false,"_seopress_robots_primary_cat":"","_seopress_titles_title":"","_seopress_titles_desc":"","_seopress_robots_index":"","inline_featured_image":false,"footnotes":""},"class_list":["post-736","page","type-page","status-publish","hentry"],"acf":[],"mb":[],"mfb_rest_fields":["title"],"_links":{"self":[{"href":"https:\/\/www.palazzodonnaelisabetta.com\/fr\/wp-json\/wp\/v2\/pages\/736","targetHints":{"allow":["GET"]}}],"collection":[{"href":"https:\/\/www.palazzodonnaelisabetta.com\/fr\/wp-json\/wp\/v2\/pages"}],"about":[{"href":"https:\/\/www.palazzodonnaelisabetta.com\/fr\/wp-json\/wp\/v2\/types\/page"}],"author":[{"embeddable":true,"href":"https:\/\/www.palazzodonnaelisabetta.com\/fr\/wp-json\/wp\/v2\/users\/1"}],"replies":[{"embeddable":true,"href":"https:\/\/www.palazzodonnaelisabetta.com\/fr\/wp-json\/wp\/v2\/comments?post=736"}],"version-history":[{"count":1,"href":"https:\/\/www.palazzodonnaelisabetta.com\/fr\/wp-json\/wp\/v2\/pages\/736\/revisions"}],"predecessor-version":[{"id":1052,"href":"https:\/\/www.palazzodonnaelisabetta.com\/fr\/wp-json\/wp\/v2\/pages\/736\/revisions\/1052"}],"wp:attachment":[{"href":"https:\/\/www.palazzodonnaelisabetta.com\/fr\/wp-json\/wp\/v2\/media?parent=736"}],"curies":[{"name":"wp","href":"https:\/\/api.w.org\/{rel}","templated":true}]}}